{"id":27,"date":"2025-03-18T19:10:27","date_gmt":"2025-03-18T18:10:27","guid":{"rendered":"http:\/\/medsanzdroj.pl\/?page_id=27"},"modified":"2026-02-02T12:16:24","modified_gmt":"2026-02-02T11:16:24","slug":"pracownia-rtg-polczyn-medsan-zdroj-2","status":"publish","type":"page","link":"https:\/\/medsanzdroj.pl\/?page_id=27","title":{"rendered":"Kontakt"},"content":{"rendered":"\t\t<div data-elementor-type=\"wp-page\" data-elementor-id=\"27\" class=\"elementor elementor-27\">\n\t\t\t\t<div class=\"elementor-element elementor-element-9b9f0cb e-flex e-con-boxed wpr-particle-no wpr-jarallax-no wpr-parallax-no wpr-sticky-section-no e-con e-parent\" data-id=\"9b9f0cb\" data-element_type=\"container\">\n\t\t\t\t\t<div class=\"e-con-inner\">\n\t\t<div class=\"elementor-element elementor-element-2ec1807 e-con-full e-flex wpr-particle-no wpr-jarallax-no wpr-parallax-no wpr-sticky-section-no e-con e-child\" data-id=\"2ec1807\" data-element_type=\"container\" data-settings=\"{&quot;background_background&quot;:&quot;classic&quot;}\">\n\t\t\t\t<div class=\"elementor-element elementor-element-9c2960e wpr-feature-list-left wpr-feature-list-square wpr-feature-list-line-yes elementor-widget elementor-widget-wpr-feature-list\" data-id=\"9c2960e\" data-element_type=\"widget\" data-widget_type=\"wpr-feature-list.default\">\n\t\t\t\t<div class=\"elementor-widget-container\">\n\t\t\t\t\t<div class=\"wpr-feature-list-wrap\"><ul class=\"wpr-feature-list\"><li class=\"wpr-feature-list-item elementor-repeater-item-157efdd\"><div class=\"wpr-feature-list-icon-wrap\"><span class=\"wpr-feature-list-line\"><\/span><div class=\"wpr-feature-list-icon-inner-wrap\"><svg aria-hidden=\"true\" class=\"e-font-icon-svg e-fas-location-arrow\" viewBox=\"0 0 512 512\" xmlns=\"http:\/\/www.w3.org\/2000\/svg\"><path d=\"M444.52 3.52L28.74 195.42c-47.97 22.39-31.98 92.75 19.19 92.75h175.91v175.91c0 51.17 70.36 67.17 92.75 19.19l191.9-415.78c15.99-38.39-25.59-79.97-63.97-63.97z\"><\/path><\/svg><\/div><\/div><div class=\"wpr-feature-list-content-wrap\"><h2 class=\"wpr-feature-list-title\"><a class=\"wpr-feature-list-url\" target=\"_blank\" rel=\"nofollow\">Adres<\/a><\/h2><p class=\"wpr-feature-list-description\">ul. Zdrojowa 6 (1 pi\u0119tro), 78-320 Po\u0142czyn-Zdr\u00f3j<\/p><\/div><\/li><li class=\"wpr-feature-list-item elementor-repeater-item-7101b3f\"><div class=\"wpr-feature-list-icon-wrap\"><span class=\"wpr-feature-list-line\"><\/span><div class=\"wpr-feature-list-icon-inner-wrap\"><svg aria-hidden=\"true\" class=\"e-font-icon-svg e-fas-clock\" viewBox=\"0 0 512 512\" xmlns=\"http:\/\/www.w3.org\/2000\/svg\"><path d=\"M256,8C119,8,8,119,8,256S119,504,256,504,504,393,504,256,393,8,256,8Zm92.49,313h0l-20,25a16,16,0,0,1-22.49,2.5h0l-67-49.72a40,40,0,0,1-15-31.23V112a16,16,0,0,1,16-16h32a16,16,0,0,1,16,16V256l58,42.5A16,16,0,0,1,348.49,321Z\"><\/path><\/svg><\/div><\/div><div class=\"wpr-feature-list-content-wrap\"><h2 class=\"wpr-feature-list-title\"><a class=\"wpr-feature-list-url\" target=\"_blank\" rel=\"nofollow\">Godziny otwarcia<\/a><\/h2><p class=\"wpr-feature-list-description\">Poniedzia\u0142ek: 8:00-13:00;\nWtorek: 8:00-13:00 oraz 16:00-18:00;\n\u015aroda: 8:00-13:00;\nCzwartek: 8:00-13:00 oraz 16:00-18:00;\n\n<\/p><\/div><\/li><li class=\"wpr-feature-list-item elementor-repeater-item-ce9c687\"><div class=\"wpr-feature-list-icon-wrap\"><span class=\"wpr-feature-list-line\"><\/span><div class=\"wpr-feature-list-icon-inner-wrap\"><svg aria-hidden=\"true\" class=\"e-font-icon-svg e-fas-phone-alt\" viewBox=\"0 0 512 512\" xmlns=\"http:\/\/www.w3.org\/2000\/svg\"><path d=\"M497.39 361.8l-112-48a24 24 0 0 0-28 6.9l-49.6 60.6A370.66 370.66 0 0 1 130.6 204.11l60.6-49.6a23.94 23.94 0 0 0 6.9-28l-48-112A24.16 24.16 0 0 0 122.6.61l-104 24A24 24 0 0 0 0 48c0 256.5 207.9 464 464 464a24 24 0 0 0 23.4-18.6l24-104a24.29 24.29 0 0 0-14.01-27.6z\"><\/path><\/svg><\/div><\/div><div class=\"wpr-feature-list-content-wrap\"><h2 class=\"wpr-feature-list-title\"><a class=\"wpr-feature-list-url\" target=\"_blank\" rel=\"nofollow\">Telefon<\/a><\/h2><p class=\"wpr-feature-list-description\">+48 577 303 099<\/p><\/div><\/li><li class=\"wpr-feature-list-item elementor-repeater-item-5f40137\"><div class=\"wpr-feature-list-icon-wrap\"><span class=\"wpr-feature-list-line\"><\/span><div class=\"wpr-feature-list-icon-inner-wrap\"><svg aria-hidden=\"true\" class=\"e-font-icon-svg e-fas-mail-bulk\" viewBox=\"0 0 576 512\" xmlns=\"http:\/\/www.w3.org\/2000\/svg\"><path d=\"M160 448c-25.6 0-51.2-22.4-64-32-64-44.8-83.2-60.8-96-70.4V480c0 17.67 14.33 32 32 32h256c17.67 0 32-14.33 32-32V345.6c-12.8 9.6-32 25.6-96 70.4-12.8 9.6-38.4 32-64 32zm128-192H32c-17.67 0-32 14.33-32 32v16c25.6 19.2 22.4 19.2 115.2 86.4 9.6 6.4 28.8 25.6 44.8 25.6s35.2-19.2 44.8-22.4c92.8-67.2 89.6-67.2 115.2-86.4V288c0-17.67-14.33-32-32-32zm256-96H224c-17.67 0-32 14.33-32 32v32h96c33.21 0 60.59 25.42 63.71 57.82l.29-.22V416h192c17.67 0 32-14.33 32-32V192c0-17.67-14.33-32-32-32zm-32 128h-64v-64h64v64zm-352-96c0-35.29 28.71-64 64-64h224V32c0-17.67-14.33-32-32-32H96C78.33 0 64 14.33 64 32v192h96v-32z\"><\/path><\/svg><\/div><\/div><div class=\"wpr-feature-list-content-wrap\"><h2 class=\"wpr-feature-list-title\"><a class=\"wpr-feature-list-url\" target=\"_blank\" rel=\"nofollow\">E-mail<\/a><\/h2><p class=\"wpr-feature-list-description\">medsanzdroj@gmail.com<\/p><\/div><\/li><\/ul><\/div>\t\t\t\t<\/div>\n\t\t\t\t<\/div>\n\t\t\t\t<\/div>\n\t\t<div class=\"elementor-element elementor-element-9ba0501 e-con-full e-flex wpr-particle-no wpr-jarallax-no wpr-parallax-no wpr-sticky-section-no e-con e-child\" data-id=\"9ba0501\" data-element_type=\"container\">\n\t\t\t\t<div class=\"elementor-element elementor-element-07f8376 elementor-widget elementor-widget-google_maps\" data-id=\"07f8376\" data-element_type=\"widget\" data-widget_type=\"google_maps.default\">\n\t\t\t\t<div class=\"elementor-widget-container\">\n\t\t\t\t\t\t\t<div class=\"elementor-custom-embed\">\n\t\t\t<iframe loading=\"lazy\"\n\t\t\t\t\tsrc=\"https:\/\/maps.google.com\/maps?q=Zdrojowa%206%20Po%C5%82czyn%20Zdr%C3%B3j%2078-320&#038;t=m&#038;z=10&#038;output=embed&#038;iwloc=near\"\n\t\t\t\t\ttitle=\"Zdrojowa 6 Po\u0142czyn Zdr\u00f3j 78-320\"\n\t\t\t\t\taria-label=\"Zdrojowa 6 Po\u0142czyn Zdr\u00f3j 78-320\"\n\t\t\t><\/iframe>\n\t\t<\/div>\n\t\t\t\t\t\t<\/div>\n\t\t\t\t<\/div>\n\t\t\t\t<\/div>\n\t\t\t\t\t<\/div>\n\t\t\t\t<\/div>\n\t\t\t\t<\/div>\n\t\t","protected":false},"excerpt":{"rendered":"<p>Adres ul. Zdrojowa 6 (1 pi\u0119tro), 78-320 Po\u0142czyn-Zdr\u00f3j Godziny otwarcia Poniedzia\u0142ek: 8:00-13:00; Wtorek: 8:00-13:00 oraz 16:00-18:00; \u015aroda: 8:00-13:00; Czwartek: 8:00-13:00 oraz 16:00-18:00; Telefon +48 577 303 099 E-mail medsanzdroj@gmail.com<\/p>\n","protected":false},"author":1,"featured_media":0,"parent":17,"menu_order":0,"comment_status":"closed","ping_status":"closed","template":"elementor_header_footer","meta":{"footnotes":""},"class_list":["post-27","page","type-page","status-publish","hentry"],"yoast_head":"<!-- This site is optimized with the Yoast SEO plugin v25.1 - https:\/\/yoast.com\/wordpress\/plugins\/seo\/ -->\n<title>Kontakt - MedSan Zdr\u00f3j<\/title>\n<meta name=\"description\" content=\"Skontaktuj si\u0119 z MedSan Zdr\u00f3j w Po\u0142czynie-Zdroju \u2013 jeste\u015bmy dost\u0119pni telefonicznie i mailowo, by um\u00f3wi\u0107 termin badania RTG. Nasza pracownia znajduje si\u0119 w dogodnej lokalizacji, z \u0142atwym dojazdem i parkingiem.\" \/>\n<meta name=\"robots\" content=\"index, follow, max-snippet:-1, max-image-preview:large, max-video-preview:-1\" \/>\n<link rel=\"canonical\" href=\"https:\/\/medsanzdroj.pl\/?page_id=27\" \/>\n<meta property=\"og:locale\" content=\"pl_PL\" \/>\n<meta property=\"og:type\" content=\"article\" \/>\n<meta property=\"og:title\" content=\"Kontakt - MedSan Zdr\u00f3j\" \/>\n<meta property=\"og:description\" content=\"Skontaktuj si\u0119 z MedSan Zdr\u00f3j w Po\u0142czynie-Zdroju \u2013 jeste\u015bmy dost\u0119pni telefonicznie i mailowo, by um\u00f3wi\u0107 termin badania RTG. Nasza pracownia znajduje si\u0119 w dogodnej lokalizacji, z \u0142atwym dojazdem i parkingiem.\" \/>\n<meta property=\"og:url\" content=\"https:\/\/medsanzdroj.pl\/?page_id=27\" \/>\n<meta property=\"og:site_name\" content=\"MedSan Zdr\u00f3j\" \/>\n<meta property=\"article:publisher\" content=\"https:\/\/www.facebook.com\/profile.php?id=61576373651614\" \/>\n<meta property=\"article:modified_time\" content=\"2026-02-02T11:16:24+00:00\" \/>\n<meta property=\"og:image\" content=\"https:\/\/medsanzdroj.pl\/wp-content\/uploads\/2025\/03\/cropped-MedSan.png\" \/>\n\t<meta property=\"og:image:width\" content=\"512\" \/>\n\t<meta property=\"og:image:height\" content=\"512\" \/>\n\t<meta property=\"og:image:type\" content=\"image\/png\" \/>\n<meta name=\"twitter:card\" content=\"summary_large_image\" \/>\n<meta name=\"twitter:label1\" content=\"Szacowany czas czytania\" \/>\n\t<meta name=\"twitter:data1\" content=\"1 minuta\" \/>\n<script type=\"application\/ld+json\" class=\"yoast-schema-graph\">{\"@context\":\"https:\/\/schema.org\",\"@graph\":[{\"@type\":\"WebPage\",\"@id\":\"https:\/\/medsanzdroj.pl\/?page_id=27\",\"url\":\"https:\/\/medsanzdroj.pl\/?page_id=27\",\"name\":\"Kontakt - MedSan Zdr\u00f3j\",\"isPartOf\":{\"@id\":\"https:\/\/medsanzdroj.pl\/#website\"},\"datePublished\":\"2025-03-18T18:10:27+00:00\",\"dateModified\":\"2026-02-02T11:16:24+00:00\",\"description\":\"Skontaktuj si\u0119 z MedSan Zdr\u00f3j w Po\u0142czynie-Zdroju \u2013 jeste\u015bmy dost\u0119pni telefonicznie i mailowo, by um\u00f3wi\u0107 termin badania RTG. Nasza pracownia znajduje si\u0119 w dogodnej lokalizacji, z \u0142atwym dojazdem i parkingiem.\",\"breadcrumb\":{\"@id\":\"https:\/\/medsanzdroj.pl\/?page_id=27#breadcrumb\"},\"inLanguage\":\"pl-PL\",\"potentialAction\":[{\"@type\":\"ReadAction\",\"target\":[\"https:\/\/medsanzdroj.pl\/?page_id=27\"]}]},{\"@type\":\"BreadcrumbList\",\"@id\":\"https:\/\/medsanzdroj.pl\/?page_id=27#breadcrumb\",\"itemListElement\":[{\"@type\":\"ListItem\",\"position\":1,\"name\":\"Strona g\u0142\u00f3wna\",\"item\":\"https:\/\/medsanzdroj.pl\/\"},{\"@type\":\"ListItem\",\"position\":2,\"name\":\"Pracownia RTG Po\u0142czyn &#8211; MedSan Zdr\u00f3j\",\"item\":\"https:\/\/medsanzdroj.pl\/\"},{\"@type\":\"ListItem\",\"position\":3,\"name\":\"Kontakt\"}]},{\"@type\":\"WebSite\",\"@id\":\"https:\/\/medsanzdroj.pl\/#website\",\"url\":\"https:\/\/medsanzdroj.pl\/\",\"name\":\"MedSan Zdr\u00f3j\",\"description\":\"Pracownia RTG\",\"publisher\":{\"@id\":\"https:\/\/medsanzdroj.pl\/#organization\"},\"potentialAction\":[{\"@type\":\"SearchAction\",\"target\":{\"@type\":\"EntryPoint\",\"urlTemplate\":\"https:\/\/medsanzdroj.pl\/?s={search_term_string}\"},\"query-input\":{\"@type\":\"PropertyValueSpecification\",\"valueRequired\":true,\"valueName\":\"search_term_string\"}}],\"inLanguage\":\"pl-PL\"},{\"@type\":\"Organization\",\"@id\":\"https:\/\/medsanzdroj.pl\/#organization\",\"name\":\"MedSan Zdr\u00f3j\",\"url\":\"https:\/\/medsanzdroj.pl\/\",\"logo\":{\"@type\":\"ImageObject\",\"inLanguage\":\"pl-PL\",\"@id\":\"https:\/\/medsanzdroj.pl\/#\/schema\/logo\/image\/\",\"url\":\"https:\/\/medsanzdroj.pl\/wp-content\/uploads\/2025\/03\/cropped-MedSan.png\",\"contentUrl\":\"https:\/\/medsanzdroj.pl\/wp-content\/uploads\/2025\/03\/cropped-MedSan.png\",\"width\":512,\"height\":512,\"caption\":\"MedSan Zdr\u00f3j\"},\"image\":{\"@id\":\"https:\/\/medsanzdroj.pl\/#\/schema\/logo\/image\/\"},\"sameAs\":[\"https:\/\/www.facebook.com\/profile.php?id=61576373651614\"]}]}<\/script>\n<!-- \/ Yoast SEO plugin. -->","yoast_head_json":{"title":"Kontakt - MedSan Zdr\u00f3j","description":"Skontaktuj si\u0119 z MedSan Zdr\u00f3j w Po\u0142czynie-Zdroju \u2013 jeste\u015bmy dost\u0119pni telefonicznie i mailowo, by um\u00f3wi\u0107 termin badania RTG. Nasza pracownia znajduje si\u0119 w dogodnej lokalizacji, z \u0142atwym dojazdem i parkingiem.","robots":{"index":"index","follow":"follow","max-snippet":"max-snippet:-1","max-image-preview":"max-image-preview:large","max-video-preview":"max-video-preview:-1"},"canonical":"https:\/\/medsanzdroj.pl\/?page_id=27","og_locale":"pl_PL","og_type":"article","og_title":"Kontakt - MedSan Zdr\u00f3j","og_description":"Skontaktuj si\u0119 z MedSan Zdr\u00f3j w Po\u0142czynie-Zdroju \u2013 jeste\u015bmy dost\u0119pni telefonicznie i mailowo, by um\u00f3wi\u0107 termin badania RTG. Nasza pracownia znajduje si\u0119 w dogodnej lokalizacji, z \u0142atwym dojazdem i parkingiem.","og_url":"https:\/\/medsanzdroj.pl\/?page_id=27","og_site_name":"MedSan Zdr\u00f3j","article_publisher":"https:\/\/www.facebook.com\/profile.php?id=61576373651614","article_modified_time":"2026-02-02T11:16:24+00:00","og_image":[{"width":512,"height":512,"url":"https:\/\/medsanzdroj.pl\/wp-content\/uploads\/2025\/03\/cropped-MedSan.png","type":"image\/png"}],"twitter_card":"summary_large_image","twitter_misc":{"Szacowany czas czytania":"1 minuta"},"schema":{"@context":"https:\/\/schema.org","@graph":[{"@type":"WebPage","@id":"https:\/\/medsanzdroj.pl\/?page_id=27","url":"https:\/\/medsanzdroj.pl\/?page_id=27","name":"Kontakt - MedSan Zdr\u00f3j","isPartOf":{"@id":"https:\/\/medsanzdroj.pl\/#website"},"datePublished":"2025-03-18T18:10:27+00:00","dateModified":"2026-02-02T11:16:24+00:00","description":"Skontaktuj si\u0119 z MedSan Zdr\u00f3j w Po\u0142czynie-Zdroju \u2013 jeste\u015bmy dost\u0119pni telefonicznie i mailowo, by um\u00f3wi\u0107 termin badania RTG. Nasza pracownia znajduje si\u0119 w dogodnej lokalizacji, z \u0142atwym dojazdem i parkingiem.","breadcrumb":{"@id":"https:\/\/medsanzdroj.pl\/?page_id=27#breadcrumb"},"inLanguage":"pl-PL","potentialAction":[{"@type":"ReadAction","target":["https:\/\/medsanzdroj.pl\/?page_id=27"]}]},{"@type":"BreadcrumbList","@id":"https:\/\/medsanzdroj.pl\/?page_id=27#breadcrumb","itemListElement":[{"@type":"ListItem","position":1,"name":"Strona g\u0142\u00f3wna","item":"https:\/\/medsanzdroj.pl\/"},{"@type":"ListItem","position":2,"name":"Pracownia RTG Po\u0142czyn &#8211; MedSan Zdr\u00f3j","item":"https:\/\/medsanzdroj.pl\/"},{"@type":"ListItem","position":3,"name":"Kontakt"}]},{"@type":"WebSite","@id":"https:\/\/medsanzdroj.pl\/#website","url":"https:\/\/medsanzdroj.pl\/","name":"MedSan Zdr\u00f3j","description":"Pracownia RTG","publisher":{"@id":"https:\/\/medsanzdroj.pl\/#organization"},"potentialAction":[{"@type":"SearchAction","target":{"@type":"EntryPoint","urlTemplate":"https:\/\/medsanzdroj.pl\/?s={search_term_string}"},"query-input":{"@type":"PropertyValueSpecification","valueRequired":true,"valueName":"search_term_string"}}],"inLanguage":"pl-PL"},{"@type":"Organization","@id":"https:\/\/medsanzdroj.pl\/#organization","name":"MedSan Zdr\u00f3j","url":"https:\/\/medsanzdroj.pl\/","logo":{"@type":"ImageObject","inLanguage":"pl-PL","@id":"https:\/\/medsanzdroj.pl\/#\/schema\/logo\/image\/","url":"https:\/\/medsanzdroj.pl\/wp-content\/uploads\/2025\/03\/cropped-MedSan.png","contentUrl":"https:\/\/medsanzdroj.pl\/wp-content\/uploads\/2025\/03\/cropped-MedSan.png","width":512,"height":512,"caption":"MedSan Zdr\u00f3j"},"image":{"@id":"https:\/\/medsanzdroj.pl\/#\/schema\/logo\/image\/"},"sameAs":["https:\/\/www.facebook.com\/profile.php?id=61576373651614"]}]}},"_links":{"self":[{"href":"https:\/\/medsanzdroj.pl\/index.php?rest_route=\/wp\/v2\/pages\/27","targetHints":{"allow":["GET"]}}],"collection":[{"href":"https:\/\/medsanzdroj.pl\/index.php?rest_route=\/wp\/v2\/pages"}],"about":[{"href":"https:\/\/medsanzdroj.pl\/index.php?rest_route=\/wp\/v2\/types\/page"}],"author":[{"embeddable":true,"href":"https:\/\/medsanzdroj.pl\/index.php?rest_route=\/wp\/v2\/users\/1"}],"replies":[{"embeddable":true,"href":"https:\/\/medsanzdroj.pl\/index.php?rest_route=%2Fwp%2Fv2%2Fcomments&post=27"}],"version-history":[{"count":19,"href":"https:\/\/medsanzdroj.pl\/index.php?rest_route=\/wp\/v2\/pages\/27\/revisions"}],"predecessor-version":[{"id":366,"href":"https:\/\/medsanzdroj.pl\/index.php?rest_route=\/wp\/v2\/pages\/27\/revisions\/366"}],"up":[{"embeddable":true,"href":"https:\/\/medsanzdroj.pl\/index.php?rest_route=\/wp\/v2\/pages\/17"}],"wp:attachment":[{"href":"https:\/\/medsanzdroj.pl\/index.php?rest_route=%2Fwp%2Fv2%2Fmedia&parent=27"}],"curies":[{"name":"wp","href":"https:\/\/api.w.org\/{rel}","templated":true}]}}